{"id":177,"date":"2026-01-13T13:11:00","date_gmt":"2026-01-13T13:11:00","guid":{"rendered":"https:\/\/met-mark.pl\/?page_id=177"},"modified":"2026-01-13T13:11:42","modified_gmt":"2026-01-13T13:11:42","slug":"polityka-prywatnosci-rodo","status":"publish","type":"page","link":"https:\/\/met-mark.pl\/index.php\/polityka-prywatnosci-rodo\/","title":{"rendered":"Polityka prywatno\u015bci, RODO"},"content":{"rendered":"\t\t<div data-elementor-type=\"wp-page\" data-elementor-id=\"177\" class=\"elementor elementor-177\" data-elementor-post-type=\"page\">\n\t\t\t\t<div class=\"elementor-element elementor-element-3077caa5 e-flex e-con-boxed e-con e-parent\" data-id=\"3077caa5\" data-element_type=\"container\" data-e-type=\"container\" data-settings=\"{&quot;background_background&quot;:&quot;classic&quot;,&quot;background_motion_fx_mouseTrack_effect&quot;:&quot;yes&quot;,&quot;background_motion_fx_motion_fx_mouse&quot;:&quot;yes&quot;,&quot;background_motion_fx_mouseTrack_speed&quot;:{&quot;unit&quot;:&quot;px&quot;,&quot;size&quot;:0.1,&quot;sizes&quot;:[]}}\">\n\t\t\t\t\t<div class=\"e-con-inner\">\n\t\t\t\t<div class=\"elementor-element elementor-element-37d9723 elementor-widget elementor-widget-heading\" data-id=\"37d9723\" data-element_type=\"widget\" data-e-type=\"widget\" data-widget_type=\"heading.default\">\n\t\t\t\t\t<h2 class=\"elementor-heading-title elementor-size-default\">Polityka prywatno\u015bci, Ciasteczka, RODO<\/h2>\t\t\t\t<\/div>\n\t\t\t\t\t<\/div>\n\t\t\t\t<\/div>\n\t\t<div class=\"elementor-element elementor-element-3c3dc57c e-flex e-con-boxed e-con e-parent\" data-id=\"3c3dc57c\" data-element_type=\"container\" data-e-type=\"container\" data-settings=\"{&quot;background_background&quot;:&quot;classic&quot;}\">\n\t\t\t\t\t<div class=\"e-con-inner\">\n\t\t<div class=\"elementor-element elementor-element-8bb4e9 e-con-full e-flex e-con e-child\" data-id=\"8bb4e9\" data-element_type=\"container\" data-e-type=\"container\">\n\t\t\t\t<div class=\"elementor-element elementor-element-3ba3ea81 elementor-widget elementor-widget-heading\" data-id=\"3ba3ea81\" data-element_type=\"widget\" data-e-type=\"widget\" data-widget_type=\"heading.default\">\n\t\t\t\t\t<h2 class=\"elementor-heading-title elementor-size-default\">Polityka prywatno\u015bci dla Met-Mark<\/h2>\t\t\t\t<\/div>\n\t\t\t\t<div class=\"elementor-element elementor-element-5e6e838e elementor-widget-divider--view-line elementor-widget elementor-widget-divider\" data-id=\"5e6e838e\" data-element_type=\"widget\" data-e-type=\"widget\" data-widget_type=\"divider.default\">\n\t\t\t\t\t\t\t<div class=\"elementor-divider\">\n\t\t\t<span class=\"elementor-divider-separator\">\n\t\t\t\t\t\t<\/span>\n\t\t<\/div>\n\t\t\t\t\t\t<\/div>\n\t\t\t\t<div class=\"elementor-element elementor-element-46d08123 elementor-widget elementor-widget-text-editor\" data-id=\"46d08123\" data-element_type=\"widget\" data-e-type=\"widget\" data-widget_type=\"text-editor.default\">\n\t\t\t\t\t\t\t\t\t<p data-start=\"755\" data-end=\"948\"><strong data-start=\"755\" data-end=\"792\">1. Administrator danych osobowych<\/strong><br data-start=\"792\" data-end=\"795\" \/>Administratorem danych osobowych jest:<br data-start=\"833\" data-end=\"836\" \/>MET-MARK Sp. z o.o.<br data-start=\"855\" data-end=\"858\" \/>ul. Sowi\u0144skiego 6, 26-500 Szyd\u0142owiec<br data-start=\"894\" data-end=\"897\" \/>e-mail: <a class=\"decorated-link cursor-pointer\" rel=\"noopener\" data-start=\"905\" data-end=\"923\">biuro@met-markt.pl<\/a><br data-start=\"923\" data-end=\"926\" \/>tel.: +48 515 29 29 86<\/p><p data-start=\"950\" data-end=\"1369\"><strong data-start=\"950\" data-end=\"990\">2. Zakres i cel przetwarzania danych<\/strong><br data-start=\"990\" data-end=\"993\" \/>a) Dane podawane dobrowolnie przez u\u017cytkownika (np. w formularzu kontaktowym): imi\u0119, nazwisko, adres e-mail, numer telefonu \u2013 przetwarzane w celu kontaktu i obs\u0142ugi zapyta\u0144.<br data-start=\"1166\" data-end=\"1169\" \/>b) Dane techniczne automatycznie zbierane przez serwer (np. adres IP, typ przegl\u0105darki, czas dost\u0119pu) \u2013 w celu administrowania stron\u0105, bezpiecze\u0144stwa i statystyk.<\/p><p data-start=\"1371\" data-end=\"1664\"><strong data-start=\"1371\" data-end=\"1407\">3. Podstawa prawna przetwarzania<\/strong><br data-start=\"1407\" data-end=\"1410\" \/>Przetwarzanie odbywa si\u0119 zgodnie z:<br data-start=\"1445\" data-end=\"1448\" \/>\u2714 art. 6 ust. 1 lit. b RODO \u2013 na potrzeby wykonania dzia\u0142a\u0144 przedkontraktowych\/ kontaktowych,<br data-start=\"1541\" data-end=\"1544\" \/>\u2714 art. 6 ust. 1 lit. f RODO \u2013 prawnie uzasadniony interes administratora w administrowaniu stron\u0105 i jej bezpiecze\u0144stwie.<\/p><p data-start=\"1666\" data-end=\"1870\"><strong data-start=\"1666\" data-end=\"1688\">4. Odbiorcy danych<\/strong><br data-start=\"1688\" data-end=\"1691\" \/>Dane mog\u0105 by\u0107 przekazywane wy\u0142\u0105cznie podmiotom technicznie obs\u0142uguj\u0105cym stron\u0119 (hosting, email), oraz innym podmiotom tylko je\u015bli przeka\u017ce je u\u017cytkownik lub gdy wymaga tego prawo.<\/p><p data-start=\"1872\" data-end=\"2089\"><strong data-start=\"1872\" data-end=\"1906\">5. Okres przechowywania danych<\/strong><br data-start=\"1906\" data-end=\"1909\" \/>Dane z formularza kontaktowego przechowywane s\u0105 przez okres niezb\u0119dny do udzielenia odpowiedzi i spe\u0142nienia obowi\u0105zk\u00f3w prawnych lub do czasu wniesienia sprzeciwu przez u\u017cytkownika.<\/p><p data-start=\"2091\" data-end=\"2321\"><strong data-start=\"2091\" data-end=\"2115\">6. Prawa u\u017cytkownika<\/strong><br data-start=\"2115\" data-end=\"2118\" \/>U\u017cytkownik ma prawo do:<br data-start=\"2141\" data-end=\"2144\" \/>\u2714 dost\u0119pu do swoich danych,<br data-start=\"2171\" data-end=\"2174\" \/>\u2714 sprostowania, usuni\u0119cia lub ograniczenia przetwarzania,<br data-start=\"2231\" data-end=\"2234\" \/>\u2714 przenoszenia danych,<br data-start=\"2256\" data-end=\"2259\" \/>\u2714 wniesienia sprzeciwu,<br data-start=\"2282\" data-end=\"2285\" \/>\u2714 wniesienia skargi do Prezesa UODO.<\/p><p data-start=\"2323\" data-end=\"2567\"><strong data-start=\"2323\" data-end=\"2351\">7. Bezpiecze\u0144stwo danych<\/strong><br data-start=\"2351\" data-end=\"2354\" \/>Administrator stosuje techniczne i organizacyjne \u015brodki bezpiecze\u0144stwa (np. HTTPS, systemy antywirusowe, ograniczenie dost\u0119pu), aby chroni\u0107 dane przed nieuprawnionym dost\u0119pem.<\/p>\t\t\t\t\t\t\t\t<\/div>\n\t\t\t\t<div class=\"elementor-element elementor-element-289bf673 elementor-widget elementor-widget-heading\" data-id=\"289bf673\" data-element_type=\"widget\" data-e-type=\"widget\" data-widget_type=\"heading.default\">\n\t\t\t\t\t<h2 class=\"elementor-heading-title elementor-size-default\">Polityka plik\u00f3w cookies (ciasteczka)<\/h2>\t\t\t\t<\/div>\n\t\t\t\t<div class=\"elementor-element elementor-element-1c5b5bd5 elementor-widget-divider--view-line elementor-widget elementor-widget-divider\" data-id=\"1c5b5bd5\" data-element_type=\"widget\" data-e-type=\"widget\" data-widget_type=\"divider.default\">\n\t\t\t\t\t\t\t<div class=\"elementor-divider\">\n\t\t\t<span class=\"elementor-divider-separator\">\n\t\t\t\t\t\t<\/span>\n\t\t<\/div>\n\t\t\t\t\t\t<\/div>\n\t\t\t\t<div class=\"elementor-element elementor-element-48ee25b9 elementor-widget elementor-widget-text-editor\" data-id=\"48ee25b9\" data-element_type=\"widget\" data-e-type=\"widget\" data-widget_type=\"text-editor.default\">\n\t\t\t\t\t\t\t\t\t<p data-start=\"2622\" data-end=\"2834\"><strong data-start=\"2622\" data-end=\"2651\">1. Czym s\u0105 pliki cookies?<\/strong><br data-start=\"2651\" data-end=\"2654\" \/>Cookies to niewielkie pliki tekstowe zapisywane na urz\u0105dzeniu u\u017cytkownika, kt\u00f3re u\u0142atwiaj\u0105 korzystanie ze strony i optymalizuj\u0105 jej dzia\u0142anie.<\/p><p data-start=\"2836\" data-end=\"3243\"><strong data-start=\"2836\" data-end=\"2867\">2. Jakie cookies stosujemy?<\/strong><br data-start=\"2867\" data-end=\"2870\" \/>a) <strong data-start=\"2873\" data-end=\"2886\">Niezb\u0119dne<\/strong> \u2013 umo\u017cliwiaj\u0105 podstawowe funkcje strony (np. przechowywanie sesji).<br data-start=\"2954\" data-end=\"2957\" \/>b) <strong data-start=\"2960\" data-end=\"2975\">Analityczne<\/strong> \u2013 zbieraj\u0105 dane o sposobie korzystania ze strony (ruch, podstrony, czas wizyty).<br data-start=\"3056\" data-end=\"3059\" \/>c) <strong data-start=\"3062\" data-end=\"3078\">Funkcjonalne<\/strong> \u2013 zapami\u0119tuj\u0105 preferencje u\u017cytkownika.<br data-start=\"3117\" data-end=\"3120\" \/>d) <strong data-start=\"3123\" data-end=\"3152\">Marketingowe (opcjonalne)<\/strong> \u2013 dostosowuj\u0105 tre\u015bci reklamowe na innych witrynach (tylko je\u017celi u\u017cytkownik wyrazi zgod\u0119).<\/p><p data-start=\"3245\" data-end=\"3573\"><strong data-start=\"3245\" data-end=\"3279\">3. Zgoda i zarz\u0105dzanie cookies<\/strong><br data-start=\"3279\" data-end=\"3282\" \/>Podczas pierwszej wizyty u\u017cytkownik powinien zobaczy\u0107 baner informuj\u0105cy o cookies i mie\u0107 mo\u017cliwo\u015b\u0107 wyboru opcji (akceptuj wszystkie \/ tylko niezb\u0119dne).<br data-start=\"3433\" data-end=\"3436\" \/>U\u017cytkownik mo\u017ce w ka\u017cdej chwili zmieni\u0107 ustawienia w swojej przegl\u0105darce (blokowa\u0107\/usun\u0105\u0107 cookies).<\/p><p data-start=\"3575\" data-end=\"3675\"><strong data-start=\"3575\" data-end=\"3600\">4. Wy\u0142\u0105czenie cookies<\/strong><br data-start=\"3600\" data-end=\"3603\" \/>Wy\u0142\u0105czenie plik\u00f3w cookies mo\u017ce wp\u0142yn\u0105\u0107 na funkcjonalno\u015b\u0107 cz\u0119\u015bci serwisu.<\/p>\t\t\t\t\t\t\t\t<\/div>\n\t\t\t\t<div class=\"elementor-element elementor-element-396a2d95 elementor-widget elementor-widget-heading\" data-id=\"396a2d95\" data-element_type=\"widget\" data-e-type=\"widget\" data-widget_type=\"heading.default\">\n\t\t\t\t\t<h2 class=\"elementor-heading-title elementor-size-default\">Informacje RODO \/ Ochrona danych osobowych<\/h2>\t\t\t\t<\/div>\n\t\t\t\t<div class=\"elementor-element elementor-element-7b69a2f0 elementor-widget-divider--view-line elementor-widget elementor-widget-divider\" data-id=\"7b69a2f0\" data-element_type=\"widget\" data-e-type=\"widget\" data-widget_type=\"divider.default\">\n\t\t\t\t\t\t\t<div class=\"elementor-divider\">\n\t\t\t<span class=\"elementor-divider-separator\">\n\t\t\t\t\t\t<\/span>\n\t\t<\/div>\n\t\t\t\t\t\t<\/div>\n\t\t\t\t<div class=\"elementor-element elementor-element-623070fb elementor-widget elementor-widget-text-editor\" data-id=\"623070fb\" data-element_type=\"widget\" data-e-type=\"widget\" data-widget_type=\"text-editor.default\">\n\t\t\t\t\t\t\t\t\t<p data-start=\"3736\" data-end=\"3992\"><strong data-start=\"3736\" data-end=\"3774\">1. Legalno\u015b\u0107 przetwarzania danych:<\/strong><br data-start=\"3774\" data-end=\"3777\" \/>Przetwarzanie Twoich danych odbywa si\u0119 zgodnie z Rozporz\u0105dzeniem Parlamentu Europejskiego i Rady (UE) 2016\/679 \u2013 RODO, w celu realizacji kontaktu i zapewnienia dzia\u0142ania strony.<\/p><p data-start=\"3994\" data-end=\"4139\"><strong data-start=\"3994\" data-end=\"4030\">2. Cel i podstawa przetwarzania:<\/strong><br data-start=\"4030\" data-end=\"4033\" \/>Dane kontaktowe \u2013 art. 6 ust. 1 lit. b RODO,<br data-start=\"4077\" data-end=\"4080\" \/>Dane administracyjne\/serwerowe \u2013 art. 6 ust. 1 lit. f RODO.<\/p><p data-start=\"4141\" data-end=\"4324\"><strong data-start=\"4141\" data-end=\"4169\">3. Udost\u0119pnianie danych:<\/strong><br data-start=\"4169\" data-end=\"4172\" \/>Administrator nie sprzedaje ani nie udost\u0119pnia danych osobowych podmiotom trzecim poza niezb\u0119dnymi us\u0142ugodawcami technicznymi lub gdy wymaga tego prawo.<\/p><p data-start=\"4326\" data-end=\"4603\"><strong data-start=\"4326\" data-end=\"4366\">4. Prawa osoby, kt\u00f3rej dane dotycz\u0105:<\/strong><br data-start=\"4366\" data-end=\"4369\" \/>Masz prawo do: informacji, dost\u0119pu do swoich danych, sprostowania, usuni\u0119cia (prawo do bycia zapomnianym), ograniczenia przetwarzania, przenoszenia danych, sprzeciwu wobec przetwarzania oraz do wniesienia skargi do organu nadzorczego.<\/p><p data-start=\"4605\" data-end=\"4767\"><strong data-start=\"4605\" data-end=\"4633\">5. Okres przechowywania:<\/strong><br data-start=\"4633\" data-end=\"4636\" \/>Dane przechowywane s\u0105 tylko tak d\u0142ugo, jak jest to potrzebne do cel\u00f3w, w jakich zosta\u0142y zebrane lub zgodnie z obowi\u0105zkami prawnymi.<\/p>\t\t\t\t\t\t\t\t<\/div>\n\t\t\t\t<\/div>\n\t\t\t\t\t<\/div>\n\t\t\t\t<\/div>\n\t\t\t\t<\/div>\n\t\t","protected":false},"excerpt":{"rendered":"<p>Polityka prywatno\u015bci, Ciasteczka, RODO Polityka prywatno\u015bci dla Met-Mark 1. Administrator danych osobowychAdministratorem danych osobowych jest:MET-MARK Sp. z o.o.ul. Sowi\u0144skiego 6, [&hellip;]<\/p>\n","protected":false},"author":1,"featured_media":0,"parent":0,"menu_order":0,"comment_status":"closed","ping_status":"closed","template":"elementor_header_footer","meta":{"_acf_changed":false,"inline_featured_image":false,"site-sidebar-layout":"no-sidebar","site-content-layout":"","ast-site-content-layout":"full-width-container","site-content-style":"default","site-sidebar-style":"default","ast-global-header-display":"","ast-banner-title-visibility":"","ast-main-header-display":"","ast-hfb-above-header-display":"","ast-hfb-below-header-display":"","ast-hfb-mobile-header-display":"","site-post-title":"","ast-breadcrumbs-content":"","ast-featured-img":"disabled","footer-sml-layout":"","ast-disable-related-posts":"","theme-transparent-header-meta":"","adv-header-id-meta":"","stick-header-meta":"","header-above-stick-meta":"","header-main-stick-meta":"","header-below-stick-meta":"","astra-migrate-meta-layouts":"default","ast-page-background-enabled":"default","ast-page-background-meta":{"desktop":{"background-color":"var(--ast-global-color-5)","background-image":"","background-repeat":"repeat","background-position":"center center","background-size":"auto","background-attachment":"scroll","background-type":"","background-media":"","overlay-type":"","overlay-color":"","overlay-opacity":"","overlay-gradient":""},"tablet":{"background-color":"","background-image":"","background-repeat":"repeat","background-position":"center center","background-size":"auto","background-attachment":"scroll","background-type":"","background-media":"","overlay-type":"","overlay-color":"","overlay-opacity":"","overlay-gradient":""},"mobile":{"background-color":"","background-image":"","background-repeat":"repeat","background-position":"center center","background-size":"auto","background-attachment":"scroll","background-type":"","background-media":"","overlay-type":"","overlay-color":"","overlay-opacity":"","overlay-gradient":""}},"ast-content-background-meta":{"desktop":{"background-color":"var(--ast-global-color-4)","background-image":"","background-repeat":"repeat","background-position":"center center","background-size":"auto","background-attachment":"scroll","background-type":"","background-media":"","overlay-type":"","overlay-color":"","overlay-opacity":"","overlay-gradient":""},"tablet":{"background-color":"var(--ast-global-color-4)","background-image":"","background-repeat":"repeat","background-position":"center center","background-size":"auto","background-attachment":"scroll","background-type":"","background-media":"","overlay-type":"","overlay-color":"","overlay-opacity":"","overlay-gradient":""},"mobile":{"background-color":"var(--ast-global-color-4)","background-image":"","background-repeat":"repeat","background-position":"center center","background-size":"auto","background-attachment":"scroll","background-type":"","background-media":"","overlay-type":"","overlay-color":"","overlay-opacity":"","overlay-gradient":""}},"footnotes":""},"class_list":["post-177","page","type-page","status-publish","hentry"],"acf":[],"_links":{"self":[{"href":"https:\/\/met-mark.pl\/index.php\/wp-json\/wp\/v2\/pages\/177","targetHints":{"allow":["GET"]}}],"collection":[{"href":"https:\/\/met-mark.pl\/index.php\/wp-json\/wp\/v2\/pages"}],"about":[{"href":"https:\/\/met-mark.pl\/index.php\/wp-json\/wp\/v2\/types\/page"}],"author":[{"embeddable":true,"href":"https:\/\/met-mark.pl\/index.php\/wp-json\/wp\/v2\/users\/1"}],"replies":[{"embeddable":true,"href":"https:\/\/met-mark.pl\/index.php\/wp-json\/wp\/v2\/comments?post=177"}],"version-history":[{"count":4,"href":"https:\/\/met-mark.pl\/index.php\/wp-json\/wp\/v2\/pages\/177\/revisions"}],"predecessor-version":[{"id":181,"href":"https:\/\/met-mark.pl\/index.php\/wp-json\/wp\/v2\/pages\/177\/revisions\/181"}],"wp:attachment":[{"href":"https:\/\/met-mark.pl\/index.php\/wp-json\/wp\/v2\/media?parent=177"}],"curies":[{"name":"wp","href":"https:\/\/api.w.org\/{rel}","templated":true}]}}