{"id":58,"date":"2026-01-13T12:05:39","date_gmt":"2026-01-13T12:05:39","guid":{"rendered":"https:\/\/met-mark.pl\/?page_id=58"},"modified":"2026-01-13T12:07:10","modified_gmt":"2026-01-13T12:07:10","slug":"dofinansowanie","status":"publish","type":"page","link":"https:\/\/met-mark.pl\/index.php\/dofinansowanie\/","title":{"rendered":"Dofinansowanie"},"content":{"rendered":"\t\t<div data-elementor-type=\"wp-page\" data-elementor-id=\"58\" class=\"elementor elementor-58\" data-elementor-post-type=\"page\">\n\t\t\t\t<div class=\"elementor-element elementor-element-70fd6d63 e-flex e-con-boxed e-con e-parent\" data-id=\"70fd6d63\" data-element_type=\"container\" data-e-type=\"container\" data-settings=\"{&quot;background_background&quot;:&quot;classic&quot;,&quot;background_motion_fx_mouseTrack_effect&quot;:&quot;yes&quot;,&quot;background_motion_fx_motion_fx_mouse&quot;:&quot;yes&quot;,&quot;background_motion_fx_mouseTrack_speed&quot;:{&quot;unit&quot;:&quot;px&quot;,&quot;size&quot;:0.1,&quot;sizes&quot;:[]}}\">\n\t\t\t\t\t<div class=\"e-con-inner\">\n\t\t\t\t<div class=\"elementor-element elementor-element-4e32f372 elementor-widget elementor-widget-heading\" data-id=\"4e32f372\" data-element_type=\"widget\" data-e-type=\"widget\" data-widget_type=\"heading.default\">\n\t\t\t\t\t<h2 class=\"elementor-heading-title elementor-size-default\">Zak\u0142ad produkcji \u015brub \"MET-MARK\" sp. z o.o. realizuje projekt wsp\u00f3\u0142finansowany ze \u015brodk\u00f3w Funduszy Europejskich dla Polski Wschodniej<\/h2>\t\t\t\t<\/div>\n\t\t\t\t\t<\/div>\n\t\t\t\t<\/div>\n\t\t<div class=\"elementor-element elementor-element-526e765e e-flex e-con-boxed e-con e-parent\" data-id=\"526e765e\" data-element_type=\"container\" data-e-type=\"container\" data-settings=\"{&quot;background_background&quot;:&quot;classic&quot;}\">\n\t\t\t\t\t<div class=\"e-con-inner\">\n\t\t<div class=\"elementor-element elementor-element-3684b43c e-con-full e-flex e-con e-child\" data-id=\"3684b43c\" data-element_type=\"container\" data-e-type=\"container\">\n\t\t\t\t<div class=\"elementor-element elementor-element-496eb602 elementor-widget elementor-widget-image\" data-id=\"496eb602\" data-element_type=\"widget\" data-e-type=\"widget\" data-widget_type=\"image.default\">\n\t\t\t\t\t\t\t\t\t\t\t\t\t\t\t<img fetchpriority=\"high\" decoding=\"async\" width=\"800\" height=\"82\" src=\"https:\/\/met-mark.pl\/wp-content\/uploads\/2026\/01\/FEPW.png\" class=\"attachment-large size-large wp-image-60\" alt=\"\" srcset=\"https:\/\/met-mark.pl\/wp-content\/uploads\/2026\/01\/FEPW.png 800w, https:\/\/met-mark.pl\/wp-content\/uploads\/2026\/01\/FEPW-300x31.png 300w, https:\/\/met-mark.pl\/wp-content\/uploads\/2026\/01\/FEPW-768x79.png 768w\" sizes=\"(max-width: 800px) 100vw, 800px\" \/>\t\t\t\t\t\t\t\t\t\t\t\t\t\t\t<\/div>\n\t\t\t\t<div class=\"elementor-element elementor-element-18ad6630 elementor-widget elementor-widget-text-editor\" data-id=\"18ad6630\" data-element_type=\"widget\" data-e-type=\"widget\" data-widget_type=\"text-editor.default\">\n\t\t\t\t\t\t\t\t\t<p><b>Tytu\u0142 projektu:<\/b><br \/>Wdro\u017cenie zmian w zakresie cyfryzacji, automatyzacji i robotyzacji proces\u00f3w produkcyjnych<br \/><br \/><b>Opis projektu:<\/b><br \/>Celem niniejszego projektu jest realizacja zaplanowanych w Mapie Drogowej wybranych przedsi\u0119wzi\u0119\u0107 zwi\u0105zanych z transformacj\u0105 cyfrow\u0105 i automatyzacj\u0105 proces\u00f3w produkcyjnych w zakresie linii technologicznej produkcji oraz zintegrowania ich z procesem logistycznym i magazynowym co w konsekwencji pozwoli przygotowa\u0107 firm\u0119 Met-Mark Sp. z o.o. do wdro\u017cenia kompleksowej transformacji w kierunku Przemys\u0142u 4.0.<br \/>Realizacja tego celu odbywa\u0107 si\u0119 b\u0119dzie poprzez inwestycj\u0119 w obszarze Transformacji cyfrowej:<br \/>&#8211; Transformacja 1: Zaawansowane technologie produkcyjne<br \/>&#8211; Transformacja 2: Cyfrowa fabryka.<br \/><br \/>w okresie 01.01.2025r. do 31.12.2027r. diagnoza dojrza\u0142o\u015bci cyfrowej wykaza\u0142a, \u017ce:<br \/>&#8211; w kontek\u015bcie Przemys\u0142u 4.0 wiele proces\u00f3w produkcyjnych mo\u017ce by\u0107 zautomatyzowanych za pomoc\u0105 obrabiarek CNC, robot\u00f3w przemys\u0142owych czy system\u00f3w MES. Obecnie stosowany w Sp\u00f3\u0142ce proces technologiczny produkcji element\u00f3w z\u0142\u0105cznych, takich jak \u015bruby jest realizowany przy wykorzystaniu obrabiarek konwencjonalnych i urz\u0105dze\u0144 obs\u0142ugiwanych r\u0119cznie przez operator\u00f3w maszyn. Automatyzacja i robotyzacja mo\u017ce przynie\u015b\u0107 dodatkowe korzy\u015bci, takie jak wi\u0119ksza precyzja i szybko\u015b\u0107 produkcji.<br \/>Automatyzacja proces\u00f3w zarz\u0105dzania mo\u017ce poprawi\u0107 efektywno\u015b\u0107, umo\u017cliwiaj\u0105c lepsze zarz\u0105dzanie danymi, szybsz\u0105 analiz\u0119 i podejmowanie bardziej trafnych decyzji.<br \/>&#8211; w kontek\u015bcie Przemys\u0142u 4.0 wiele z proces\u00f3w administracyjno-zarz\u0105dczych mo\u017ce by\u0107 usprawnionych i zoptymalizowanych za pomoc\u0105 rozwi\u0105za\u0144 informatycznych. Stopie\u0144 zaawansowania technologicznego firmy nale\u017cy okre\u015bli\u0107 jako standardowy. Posiadane maszyny w wi\u0119kszo\u015bci wymagaj\u0105 bezpo\u015bredniej kontroli pracownik\u00f3w produkcyjnych oraz nie umo\u017cliwiaj\u0105 samodzielnej rejestracji parametr\u00f3w pracy. Sp\u00f3\u0142ka nie posiada r\u00f3wnie\u017c system\u00f3w informatycznych, kt\u00f3re dawa\u0142aby mo\u017cliwo\u015b\u0107 zarz\u0105dzania produkcj\u0105 i jej planowania. Poza standardowymi narz\u0119dziami informatycznymi (komputery) oraz podstawowym oprogramowaniem (Office, CAD) Sp\u00f3\u0142ka nie wykorzystuje \u017cadnych innych narz\u0119dzi informatycznych. Aktualny model biznesowy przedsi\u0119biorstwa Zak\u0142ad Produkcji \u015arub \u201eMet-Mark\u201d nale\u017cy w przewa\u017caj\u0105cej cz\u0119\u015bci zakwalifikowa\u0107 do Przemys\u0142u 3.0. Aktualna infrastruktura IT nie spe\u0142nia wymaga\u0144 zwi\u0105zanych z Przemys\u0142em 4.0., co wymaga jej modernizacji. Transformacja cyfrowa i automatyzacja we wskazanych obszarach pozwoli Wnioskodawcy zoptymalizowa\u0107 i usprawni\u0107 procesy produkcyjne, zwi\u0119kszy\u0107 wydajno\u015b\u0107, zminimalizowa\u0107 koszty a co za tym idzie zwi\u0119kszy\u0107 przychody z dzia\u0142alno\u015bci. Zaplanowane w projekcie dzia\u0142ania podzielone zosta\u0142y na trzy zadania:<br \/>1. Sfinansowanie koszt\u00f3w opracowania us\u0142ugi polegaj\u0105cej na opracowaniu Mapy Drogowej;<br \/>2. Zakup maszyn i urz\u0105dze\u0144 koniecznych do wdro\u017cenia wybranego obszaru transformacji;<br \/>3. Zakup us\u0142ug doradczych zwi\u0105zanych z wdro\u017ceniem Mapy Drogowej;<br \/>4. Zakup us\u0142ug szkoleniowych zwi\u0105zanych w zakresie obs\u0142ugi nowych maszyn, programowania urz\u0105dze\u0144 i robot\u00f3w, system\u00f3w monitorowania.<br \/><br \/>Niniejszy projekt przyczynia si\u0119 bezpo\u015brednie do osi\u0105gni\u0119cia cel\u00f3w FEPW, a tak\u017ce celu dzia\u0142ania, kt\u00f3rym jest transformacja przedsi\u0119biorstwa w kierunku Przemys\u0142u 4.0 poprzez automatyzacj\u0119 i robotyzacj\u0119 proces\u00f3w. W ramach projektu zaplanowano wdro\u017cenie rekomendacji wynikaj\u0105cych z Mapy Drogowej polegaj\u0105cej na automatyzacji i robotyzacji przedsi\u0119biorstwa. Wdro\u017cone rozwi\u0105zania b\u0119d\u0105 charakteryzowa\u0107 si\u0119 posiadaniem w ramach parku maszynowego urz\u0105dze\u0144 automatycznie sterownych, programowalnych i wielozadaniowych. W kontek\u015bcie Przemys\u0142u 4.0 gromadzenie i kompleksowa ocena danych z wielu r\u00f3\u017cnych \u017ar\u00f3de\u0142 \u2013 urz\u0105dze\u0144 i system\u00f3w produkcyjnych, a tak\u017ce system\u00f3w zarz\u0105dzania przedsi\u0119biorstwem i klientami \u2013 stanie si\u0119 standardem maj\u0105cym na celu wspieranie procesu decyzyjnego w czasie rzeczywistym. Dzi\u0119ki temu procesy produkcyjne b\u0119d\u0105 wspomagane przez zintegrowane systemy cyfrowe zmieni\u0105 si\u0119 powoduj\u0105c skr\u00f3cenie proces\u00f3w, ograniczenie odpad\u00f3w, wi\u0119ksz\u0105 precyzj\u0119, oszcz\u0119dno\u015b\u0107 energii, wi\u0119ksz\u0105 trwa\u0142o\u015b\u0107 wyrob\u00f3w.<br \/><br \/><b>Warto\u015b\u0107 projektu:<\/b><br \/>Ca\u0142kowita warto\u015b\u0107 Projektu wynosi 2 179 683,00 PLN (s\u0142ownie: dwa miliony sto siedemdziesi\u0105t dziewi\u0119\u0107 tysi\u0119cy sze\u015b\u0107set osiemdziesi\u0105t trzy z\u0142ote 00\/100).<br \/><br \/><b>Wysoko\u015b\u0107 wk\u0142adu Funduszy Europejskich:<\/b><br \/>Na warunkach okre\u015blonych w Umowie Instytucja Po\u015brednicz\u0105ca przyznaje Beneficjentowi dofinansowanie w wysoko\u015bci nie wi\u0119kszej ni\u017c 1 055 072,20 PLN (s\u0142ownie: jeden milion pi\u0119\u0107dziesi\u0105t pi\u0119\u0107 tysi\u0119cy siedemdziesi\u0105t dwa z\u0142ote 20\/100).<\/p>\t\t\t\t\t\t\t\t<\/div>\n\t\t\t\t<div class=\"elementor-element elementor-element-2b08005e elementor-widget elementor-widget-image\" data-id=\"2b08005e\" data-element_type=\"widget\" data-e-type=\"widget\" data-widget_type=\"image.default\">\n\t\t\t\t\t\t\t\t\t\t\t\t\t\t\t<img decoding=\"async\" width=\"1024\" height=\"513\" src=\"https:\/\/met-mark.pl\/wp-content\/uploads\/2026\/01\/eufrnrrow-1024x513.png\" class=\"attachment-large size-large wp-image-49\" alt=\"\" srcset=\"https:\/\/met-mark.pl\/wp-content\/uploads\/2026\/01\/eufrnrrow-1024x513.png 1024w, https:\/\/met-mark.pl\/wp-content\/uploads\/2026\/01\/eufrnrrow-300x150.png 300w, https:\/\/met-mark.pl\/wp-content\/uploads\/2026\/01\/eufrnrrow-768x385.png 768w, https:\/\/met-mark.pl\/wp-content\/uploads\/2026\/01\/eufrnrrow.png 1130w\" sizes=\"(max-width: 1024px) 100vw, 1024px\" \/>\t\t\t\t\t\t\t\t\t\t\t\t\t\t\t<\/div>\n\t\t\t\t<\/div>\n\t\t\t\t\t<\/div>\n\t\t\t\t<\/div>\n\t\t\t\t<\/div>\n\t\t","protected":false},"excerpt":{"rendered":"<p>Zak\u0142ad produkcji \u015brub &#8222;MET-MARK&#8221; sp. z o.o. realizuje projekt wsp\u00f3\u0142finansowany ze \u015brodk\u00f3w Funduszy Europejskich dla Polski Wschodniej Tytu\u0142 projektu:Wdro\u017cenie zmian [&hellip;]<\/p>\n","protected":false},"author":1,"featured_media":0,"parent":0,"menu_order":0,"comment_status":"closed","ping_status":"closed","template":"elementor_header_footer","meta":{"_acf_changed":false,"inline_featured_image":false,"site-sidebar-layout":"no-sidebar","site-content-layout":"","ast-site-content-layout":"full-width-container","site-content-style":"default","site-sidebar-style":"default","ast-global-header-display":"","ast-banner-title-visibility":"","ast-main-header-display":"","ast-hfb-above-header-display":"","ast-hfb-below-header-display":"","ast-hfb-mobile-header-display":"","site-post-title":"","ast-breadcrumbs-content":"","ast-featured-img":"disabled","footer-sml-layout":"","ast-disable-related-posts":"","theme-transparent-header-meta":"","adv-header-id-meta":"","stick-header-meta":"","header-above-stick-meta":"","header-main-stick-meta":"","header-below-stick-meta":"","astra-migrate-meta-layouts":"default","ast-page-background-enabled":"default","ast-page-background-meta":{"desktop":{"background-color":"var(--ast-global-color-5)","background-image":"","background-repeat":"repeat","background-position":"center center","background-size":"auto","background-attachment":"scroll","background-type":"","background-media":"","overlay-type":"","overlay-color":"","overlay-opacity":"","overlay-gradient":""},"tablet":{"background-color":"","background-image":"","background-repeat":"repeat","background-position":"center center","background-size":"auto","background-attachment":"scroll","background-type":"","background-media":"","overlay-type":"","overlay-color":"","overlay-opacity":"","overlay-gradient":""},"mobile":{"background-color":"","background-image":"","background-repeat":"repeat","background-position":"center center","background-size":"auto","background-attachment":"scroll","background-type":"","background-media":"","overlay-type":"","overlay-color":"","overlay-opacity":"","overlay-gradient":""}},"ast-content-background-meta":{"desktop":{"background-color":"var(--ast-global-color-4)","background-image":"","background-repeat":"repeat","background-position":"center center","background-size":"auto","background-attachment":"scroll","background-type":"","background-media":"","overlay-type":"","overlay-color":"","overlay-opacity":"","overlay-gradient":""},"tablet":{"background-color":"var(--ast-global-color-4)","background-image":"","background-repeat":"repeat","background-position":"center center","background-size":"auto","background-attachment":"scroll","background-type":"","background-media":"","overlay-type":"","overlay-color":"","overlay-opacity":"","overlay-gradient":""},"mobile":{"background-color":"var(--ast-global-color-4)","background-image":"","background-repeat":"repeat","background-position":"center center","background-size":"auto","background-attachment":"scroll","background-type":"","background-media":"","overlay-type":"","overlay-color":"","overlay-opacity":"","overlay-gradient":""}},"footnotes":""},"class_list":["post-58","page","type-page","status-publish","hentry"],"acf":[],"_links":{"self":[{"href":"https:\/\/met-mark.pl\/index.php\/wp-json\/wp\/v2\/pages\/58","targetHints":{"allow":["GET"]}}],"collection":[{"href":"https:\/\/met-mark.pl\/index.php\/wp-json\/wp\/v2\/pages"}],"about":[{"href":"https:\/\/met-mark.pl\/index.php\/wp-json\/wp\/v2\/types\/page"}],"author":[{"embeddable":true,"href":"https:\/\/met-mark.pl\/index.php\/wp-json\/wp\/v2\/users\/1"}],"replies":[{"embeddable":true,"href":"https:\/\/met-mark.pl\/index.php\/wp-json\/wp\/v2\/comments?post=58"}],"version-history":[{"count":4,"href":"https:\/\/met-mark.pl\/index.php\/wp-json\/wp\/v2\/pages\/58\/revisions"}],"predecessor-version":[{"id":65,"href":"https:\/\/met-mark.pl\/index.php\/wp-json\/wp\/v2\/pages\/58\/revisions\/65"}],"wp:attachment":[{"href":"https:\/\/met-mark.pl\/index.php\/wp-json\/wp\/v2\/media?parent=58"}],"curies":[{"name":"wp","href":"https:\/\/api.w.org\/{rel}","templated":true}]}}